{"id":902,"date":"2026-01-22T08:25:14","date_gmt":"2026-01-22T08:25:14","guid":{"rendered":"https:\/\/staging.ravinnonvoima.fi\/?page_id=902"},"modified":"2026-01-22T08:35:05","modified_gmt":"2026-01-22T08:35:05","slug":"kiitos-vastauksistasi","status":"publish","type":"page","link":"https:\/\/ravinnonvoima.fi\/index.php\/kiitos-vastauksistasi\/","title":{"rendered":"Kiitos vastauksistasi!"},"content":{"rendered":"\t\t<div data-elementor-type=\"wp-page\" data-elementor-id=\"902\" class=\"elementor elementor-902\" data-elementor-post-type=\"page\">\n\t\t\t\t<div class=\"elementor-element elementor-element-721483b e-flex e-con-boxed e-con e-parent\" data-id=\"721483b\" data-element_type=\"container\" data-e-type=\"container\" data-settings=\"{&quot;background_background&quot;:&quot;classic&quot;}\">\n\t\t\t\t\t<div class=\"e-con-inner\">\n\t\t\t\t<div class=\"elementor-element elementor-element-28a3dd6 elementor-widget elementor-widget-spacer\" data-id=\"28a3dd6\" data-element_type=\"widget\" data-e-type=\"widget\" data-widget_type=\"spacer.default\">\n\t\t\t\t\t\t\t<div class=\"elementor-spacer\">\n\t\t\t<div class=\"elementor-spacer-inner\"><\/div>\n\t\t<\/div>\n\t\t\t\t\t\t<\/div>\n\t\t\t\t<div class=\"elementor-element elementor-element-3e08493 elementor-widget elementor-widget-heading\" data-id=\"3e08493\" data-element_type=\"widget\" data-e-type=\"widget\" data-widget_type=\"heading.default\">\n\t\t\t\t\t<h2 class=\"elementor-heading-title elementor-size-default\">KIITOS VASTAUKSISTASI!<\/h2>\t\t\t\t<\/div>\n\t\t\t\t<div class=\"elementor-element elementor-element-e3afc58 elementor-widget elementor-widget-text-editor\" data-id=\"e3afc58\" data-element_type=\"widget\" data-e-type=\"widget\" data-widget_type=\"text-editor.default\">\n\t\t\t\t\t\t\t\t\t<p><span class=\"TextRun SCXW132081153 BCX8\" lang=\"FI-FI\" xml:lang=\"FI-FI\" data-contrast=\"auto\"><span class=\"NormalTextRun SCXW132081153 BCX8\">Saimme nyt kartoituksesi tulokset ja palaamme sinulle mahdollisimman pian. Sill\u00e4 aikaa voit tutustua muihin terveyteen liittyviin sis\u00e4lt\u00f6ihin.<\/span><\/span><\/p>\t\t\t\t\t\t\t\t<\/div>\n\t\t\t\t\t<\/div>\n\t\t\t\t<\/div>\n\t\t<div class=\"elementor-element elementor-element-767b494 e-con-full e-flex e-con e-parent\" data-id=\"767b494\" data-element_type=\"container\" data-e-type=\"container\" data-settings=\"{&quot;background_background&quot;:&quot;classic&quot;}\">\n\t\t<div class=\"elementor-element elementor-element-8c1155f e-con-full e-flex e-con e-child\" data-id=\"8c1155f\" data-element_type=\"container\" data-e-type=\"container\" data-settings=\"{&quot;background_background&quot;:&quot;classic&quot;}\">\n\t\t\t\t<div class=\"elementor-element elementor-element-f4922d4 elementor-widget elementor-widget-heading\" data-id=\"f4922d4\" data-element_type=\"widget\" data-e-type=\"widget\" data-widget_type=\"heading.default\">\n\t\t\t\t\t<h6 class=\"elementor-heading-title elementor-size-default\"><i>Ravintoterapia<\/i><\/h6>\t\t\t\t<\/div>\n\t\t\t\t<div class=\"elementor-element elementor-element-052ba61 elementor-widget elementor-widget-text-editor\" data-id=\"052ba61\" data-element_type=\"widget\" data-e-type=\"widget\" data-widget_type=\"text-editor.default\">\n\t\t\t\t\t\t\t\t\t<p class=\"cvGsUA direction-ltr align-start para-style-body\"><span class=\"a_GcMg font-feature-liga-off font-feature-clig-off font-feature-calt-off text-decoration-none text-strikethrough-none\">Onko sinulla terveyshuolia tai haluaisitko panostaa hyvinvointiisi? Ravintoterapiassa pureudumme ongelman juurisyihin, ja luomme askeleet, miten saada ravinnosta enemm\u00e4n irti hyvinvointisi tueksi. Yksil\u00f6llisesti, kokonaisvaltaisesti, ja luonnollisin keinoin.<\/span><\/p>\t\t\t\t\t\t\t\t<\/div>\n\t\t\t\t<div class=\"elementor-element elementor-element-db6b7fc elementor-widget elementor-widget-button\" data-id=\"db6b7fc\" data-element_type=\"widget\" data-e-type=\"widget\" data-widget_type=\"button.default\">\n\t\t\t\t\t\t\t\t\t\t<a class=\"elementor-button elementor-button-link elementor-size-sm\" href=\"\/index.php\/ravintoterapia\">\n\t\t\t\t\t\t<span class=\"elementor-button-content-wrapper\">\n\t\t\t\t\t\t\t\t\t<span class=\"elementor-button-text\">LUE LIS\u00c4\u00c4<\/span>\n\t\t\t\t\t<\/span>\n\t\t\t\t\t<\/a>\n\t\t\t\t\t\t\t\t<\/div>\n\t\t\t\t<\/div>\n\t\t<div class=\"elementor-element elementor-element-3c7e7db e-con-full e-flex e-con e-child\" data-id=\"3c7e7db\" data-element_type=\"container\" data-e-type=\"container\" data-settings=\"{&quot;background_background&quot;:&quot;classic&quot;}\">\n\t\t\t\t<div class=\"elementor-element elementor-element-78568ee elementor-widget elementor-widget-heading\" data-id=\"78568ee\" data-element_type=\"widget\" data-e-type=\"widget\" data-widget_type=\"heading.default\">\n\t\t\t\t\t<h6 class=\"elementor-heading-title elementor-size-default\"><i>Testit ja mittaukset<\/i><\/h6>\t\t\t\t<\/div>\n\t\t\t\t<div class=\"elementor-element elementor-element-70745e6 elementor-widget elementor-widget-text-editor\" data-id=\"70745e6\" data-element_type=\"widget\" data-e-type=\"widget\" data-widget_type=\"text-editor.default\">\n\t\t\t\t\t\t\t\t\t<p class=\"cvGsUA direction-ltr align-start para-style-body\"><span class=\"a_GcMg font-feature-liga-off font-feature-clig-off font-feature-calt-off text-decoration-none text-strikethrough-none\">Mitataan, mit\u00e4 kehosi oikeasti tarvitsee! Testitulokset puretaan yhdess\u00e4, jolloin autan sinua ymm\u00e4rt\u00e4m\u00e4\u00e4n syyt kehon oireiluun ja luon konkreettiset seuraavat askeleet.\u00a0<\/span><\/p>\t\t\t\t\t\t\t\t<\/div>\n\t\t<div class=\"elementor-element elementor-element-b6dc926 e-con-full e-flex e-con e-child\" data-id=\"b6dc926\" data-element_type=\"container\" data-e-type=\"container\">\n\t\t\t\t<div class=\"elementor-element elementor-element-cda5398 elementor-widget elementor-widget-button\" data-id=\"cda5398\" data-element_type=\"widget\" data-e-type=\"widget\" data-widget_type=\"button.default\">\n\t\t\t\t\t\t\t\t\t\t<a class=\"elementor-button elementor-button-link elementor-size-sm\" href=\"\/index.php\/funktionaaliset-laboratoriotestit-ja-ravintoainemittaus\">\n\t\t\t\t\t\t<span class=\"elementor-button-content-wrapper\">\n\t\t\t\t\t\t\t\t\t<span class=\"elementor-button-text\">LUE LIS\u00c4\u00c4<\/span>\n\t\t\t\t\t<\/span>\n\t\t\t\t\t<\/a>\n\t\t\t\t\t\t\t\t<\/div>\n\t\t\t\t<\/div>\n\t\t\t\t<\/div>\n\t\t<div class=\"elementor-element elementor-element-3ec10db e-con-full e-flex e-con e-child\" data-id=\"3ec10db\" data-element_type=\"container\" data-e-type=\"container\" data-settings=\"{&quot;background_background&quot;:&quot;classic&quot;}\">\n\t\t\t\t<div class=\"elementor-element elementor-element-a9df49d elementor-widget elementor-widget-heading\" data-id=\"a9df49d\" data-element_type=\"widget\" data-e-type=\"widget\" data-widget_type=\"heading.default\">\n\t\t\t\t\t<h6 class=\"elementor-heading-title elementor-size-default\"><i>CellRESET<\/i><\/h6>\t\t\t\t<\/div>\n\t\t\t\t<div class=\"elementor-element elementor-element-62e3fbe elementor-widget elementor-widget-text-editor\" data-id=\"62e3fbe\" data-element_type=\"widget\" data-e-type=\"widget\" data-widget_type=\"text-editor.default\">\n\t\t\t\t\t\t\t\t\t<p class=\"cvGsUA direction-ltr align-start para-style-body\"><span class=\"a_GcMg font-feature-liga-off font-feature-clig-off font-feature-calt-off text-decoration-none text-strikethrough-none\">Puhdistava ruokavalio, joka aktivoi aineenvaihduntaa, tasapainottaa hormonitoimintaa, sek\u00e4 auttaa painonpudotuksessa? CellRESET on l\u00e4\u00e4k\u00e4reiden kehitt\u00e4m\u00e4 hyvinvointiohjelma, joka purkaa insuliiniresistenssi\u00e4. Olen aina viestin ja soiton p\u00e4\u00e4ss\u00e4, tukenasi kymmenen vuoden kokemuksella!<\/span><\/p>\t\t\t\t\t\t\t\t<\/div>\n\t\t\t\t<div class=\"elementor-element elementor-element-036ff39 elementor-widget elementor-widget-button\" data-id=\"036ff39\" data-element_type=\"widget\" data-e-type=\"widget\" data-widget_type=\"button.default\">\n\t\t\t\t\t\t\t\t\t\t<a class=\"elementor-button elementor-button-link elementor-size-sm\" href=\"\/index.php\/cellreset\">\n\t\t\t\t\t\t<span class=\"elementor-button-content-wrapper\">\n\t\t\t\t\t\t\t\t\t<span class=\"elementor-button-text\">LUE LIS\u00c4\u00c4<\/span>\n\t\t\t\t\t<\/span>\n\t\t\t\t\t<\/a>\n\t\t\t\t\t\t\t\t<\/div>\n\t\t\t\t<\/div>\n\t\t\t\t<\/div>\n\t\t<div class=\"elementor-element elementor-element-404acc7 e-flex e-con-boxed e-con e-parent\" data-id=\"404acc7\" data-element_type=\"container\" data-e-type=\"container\" data-settings=\"{&quot;background_background&quot;:&quot;classic&quot;}\">\n\t\t\t\t\t<div class=\"e-con-inner\">\n\t\t<div class=\"elementor-element elementor-element-bf2b8a9 e-con-full e-flex e-con e-child\" data-id=\"bf2b8a9\" data-element_type=\"container\" data-e-type=\"container\">\n\t\t\t\t<div class=\"elementor-element elementor-element-c8a2126 elementor-widget elementor-widget-heading\" data-id=\"c8a2126\" data-element_type=\"widget\" data-e-type=\"widget\" data-widget_type=\"heading.default\">\n\t\t\t\t\t<h2 class=\"elementor-heading-title elementor-size-default\">VIIMEISIMM\u00c4T BLOGIT<\/h2>\t\t\t\t<\/div>\n\t\t\t\t<div class=\"elementor-element elementor-element-c3c66eb elementor-mobile-align-center elementor-widget elementor-widget-button\" data-id=\"c3c66eb\" data-element_type=\"widget\" data-e-type=\"widget\" data-widget_type=\"button.default\">\n\t\t\t\t\t\t\t\t\t\t<a class=\"elementor-button elementor-button-link elementor-size-sm\" href=\"\/index.php\/ravintoterapeutin-blogi\">\n\t\t\t\t\t\t<span class=\"elementor-button-content-wrapper\">\n\t\t\t\t\t\t\t\t\t<span class=\"elementor-button-text\">KATSO KAIKKI<\/span>\n\t\t\t\t\t<\/span>\n\t\t\t\t\t<\/a>\n\t\t\t\t\t\t\t\t<\/div>\n\t\t\t\t<\/div>\n\t\t<div class=\"elementor-element elementor-element-98008ac e-con-full e-flex e-con e-child\" data-id=\"98008ac\" data-element_type=\"container\" data-e-type=\"container\">\n\t\t\t\t<div class=\"elementor-element elementor-element-c970b2a elementor-grid-1 elementor-posts--thumbnail-left elementor-grid-tablet-1 elementor-grid-mobile-1 elementor-widget elementor-widget-posts\" data-id=\"c970b2a\" data-element_type=\"widget\" data-e-type=\"widget\" data-settings=\"{&quot;classic_columns&quot;:&quot;1&quot;,&quot;classic_columns_tablet&quot;:&quot;1&quot;,&quot;classic_columns_mobile&quot;:&quot;1&quot;,&quot;classic_row_gap&quot;:{&quot;unit&quot;:&quot;px&quot;,&quot;size&quot;:35,&quot;sizes&quot;:[]},&quot;classic_row_gap_tablet&quot;:{&quot;unit&quot;:&quot;px&quot;,&quot;size&quot;:&quot;&quot;,&quot;sizes&quot;:[]},&quot;classic_row_gap_mobile&quot;:{&quot;unit&quot;:&quot;px&quot;,&quot;size&quot;:&quot;&quot;,&quot;sizes&quot;:[]}}\" data-widget_type=\"posts.classic\">\n\t\t\t\t<div class=\"elementor-widget-container\">\n\t\t\t\t\t\t\t<div class=\"elementor-posts-container elementor-posts elementor-posts--skin-classic elementor-grid\" role=\"list\">\n\t\t\t\t<article class=\"elementor-post elementor-grid-item post-1290 post type-post status-publish format-standard has-post-thumbnail hentry category-testit\" role=\"listitem\">\n\t\t\t\t<a class=\"elementor-post__thumbnail__link\" href=\"https:\/\/ravinnonvoima.fi\/index.php\/2026\/02\/03\/suolahappotesti-ja-hapoton-maha\/\" tabindex=\"-1\" >\n\t\t\t<div class=\"elementor-post__thumbnail\"><img decoding=\"async\" width=\"150\" height=\"150\" src=\"https:\/\/ravinnonvoima.fi\/wp-content\/uploads\/2026\/02\/maha-sydan-150x150.jpg\" class=\"attachment-thumbnail size-thumbnail wp-image-1294\" alt=\"\" \/><\/div>\n\t\t<\/a>\n\t\t\t\t<div class=\"elementor-post__text\">\n\t\t\t\t<h3 class=\"elementor-post__title\">\n\t\t\t<a href=\"https:\/\/ravinnonvoima.fi\/index.php\/2026\/02\/03\/suolahappotesti-ja-hapoton-maha\/\" >\n\t\t\t\tSuolahappotesti ja hapoton maha\t\t\t<\/a>\n\t\t<\/h3>\n\t\t\t\t<div class=\"elementor-post__meta-data\">\n\t\t\t\t\t<span class=\"elementor-post-date\">\n\t\t\t3.2.2026\t\t<\/span>\n\t\t\t\t<span class=\"elementor-post-avatar\">\n\t\t\tEi kommentteja\t\t<\/span>\n\t\t\t\t<\/div>\n\t\t\t\t<div class=\"elementor-post__excerpt\">\n\t\t\t<p>Hapottoman mahan lukuisat oireet j\u00e4\u00e4v\u00e4t usein huomiotta ja oireita hoidetaan n\u00e4r\u00e4stysl\u00e4\u00e4kkein tai lausahduksella &#8221;oireiden kanssa on vain opeteltava el\u00e4m\u00e4\u00e4n&#8221;<\/p>\n\t\t<\/div>\n\t\t\n\t\t<a class=\"elementor-post__read-more\" href=\"https:\/\/ravinnonvoima.fi\/index.php\/2026\/02\/03\/suolahappotesti-ja-hapoton-maha\/\" aria-label=\"Read more about Suolahappotesti ja hapoton maha\" tabindex=\"-1\" >\n\t\t\tLue lis\u00e4\u00e4 \u00bb\t\t<\/a>\n\n\t\t\t\t<\/div>\n\t\t\t\t<\/article>\n\t\t\t\t<article class=\"elementor-post elementor-grid-item post-248 post type-post status-publish format-standard has-post-thumbnail hentry category-testit\" role=\"listitem\">\n\t\t\t\t<a class=\"elementor-post__thumbnail__link\" href=\"https:\/\/ravinnonvoima.fi\/index.php\/2025\/12\/18\/kotitesti-kilpirauhasen-vajaatoimintaan\/\" tabindex=\"-1\" >\n\t\t\t<div class=\"elementor-post__thumbnail\"><img decoding=\"async\" width=\"150\" height=\"150\" src=\"https:\/\/ravinnonvoima.fi\/wp-content\/uploads\/2025\/12\/Nimeton-malli-5-150x150.png\" class=\"attachment-thumbnail size-thumbnail wp-image-133\" alt=\"\" \/><\/div>\n\t\t<\/a>\n\t\t\t\t<div class=\"elementor-post__text\">\n\t\t\t\t<h3 class=\"elementor-post__title\">\n\t\t\t<a href=\"https:\/\/ravinnonvoima.fi\/index.php\/2025\/12\/18\/kotitesti-kilpirauhasen-vajaatoimintaan\/\" >\n\t\t\t\tKotitesti kilpirauhasen vajaatoimintaan\t\t\t<\/a>\n\t\t<\/h3>\n\t\t\t\t<div class=\"elementor-post__meta-data\">\n\t\t\t\t\t<span class=\"elementor-post-date\">\n\t\t\t18.12.2025\t\t<\/span>\n\t\t\t\t<span class=\"elementor-post-avatar\">\n\t\t\tEi kommentteja\t\t<\/span>\n\t\t\t\t<\/div>\n\t\t\t\t<div class=\"elementor-post__excerpt\">\n\t\t\t<p>Kilpirauhasen piilev\u00e4 vajaatoiminta on yleist\u00e4. Kilpirauhasen ongelmissa tuijotetaan usein liikaa viitearvoja&#8230;<\/p>\n\t\t<\/div>\n\t\t\n\t\t<a class=\"elementor-post__read-more\" href=\"https:\/\/ravinnonvoima.fi\/index.php\/2025\/12\/18\/kotitesti-kilpirauhasen-vajaatoimintaan\/\" aria-label=\"Read more about Kotitesti kilpirauhasen vajaatoimintaan\" tabindex=\"-1\" >\n\t\t\tLue lis\u00e4\u00e4 \u00bb\t\t<\/a>\n\n\t\t\t\t<\/div>\n\t\t\t\t<\/article>\n\t\t\t\t<article class=\"elementor-post elementor-grid-item post-105 post type-post status-publish format-standard has-post-thumbnail hentry category-muut category-ravinto\" role=\"listitem\">\n\t\t\t\t<a class=\"elementor-post__thumbnail__link\" href=\"https:\/\/ravinnonvoima.fi\/index.php\/2025\/12\/18\/apua-vatsavaivoihin\/\" tabindex=\"-1\" >\n\t\t\t<div class=\"elementor-post__thumbnail\"><img decoding=\"async\" width=\"150\" height=\"150\" src=\"https:\/\/ravinnonvoima.fi\/wp-content\/uploads\/2025\/12\/Untitled-design-43-150x150.png\" class=\"attachment-thumbnail size-thumbnail wp-image-107\" alt=\"\" \/><\/div>\n\t\t<\/a>\n\t\t\t\t<div class=\"elementor-post__text\">\n\t\t\t\t<h3 class=\"elementor-post__title\">\n\t\t\t<a href=\"https:\/\/ravinnonvoima.fi\/index.php\/2025\/12\/18\/apua-vatsavaivoihin\/\" >\n\t\t\t\tApua vatsavaivoihin!\t\t\t<\/a>\n\t\t<\/h3>\n\t\t\t\t<div class=\"elementor-post__meta-data\">\n\t\t\t\t\t<span class=\"elementor-post-date\">\n\t\t\t18.12.2025\t\t<\/span>\n\t\t\t\t<span class=\"elementor-post-avatar\">\n\t\t\tEi kommentteja\t\t<\/span>\n\t\t\t\t<\/div>\n\t\t\t\t<div class=\"elementor-post__excerpt\">\n\t\t\t<p>Sy\u00f6m\u00e4mme ruoka vaikuttaa suoraan vatsan ja suoliston toimintaan.\u00a0Ruoansulatuselimist\u00f6n toiminta ja suoliston mikrobikanta\u00a0vaikuttavat mahasuolikanavan lis\u00e4ksi koko ihmisen hyvinvointiin&#8230;<\/p>\n\t\t<\/div>\n\t\t\n\t\t<a class=\"elementor-post__read-more\" href=\"https:\/\/ravinnonvoima.fi\/index.php\/2025\/12\/18\/apua-vatsavaivoihin\/\" aria-label=\"Read more about Apua vatsavaivoihin!\" tabindex=\"-1\" >\n\t\t\tLue lis\u00e4\u00e4 \u00bb\t\t<\/a>\n\n\t\t\t\t<\/div>\n\t\t\t\t<\/article>\n\t\t\t\t<\/div>\n\t\t\n\t\t\t\t\t\t<\/div>\n\t\t\t\t<\/div>\n\t\t\t\t<\/div>\n\t\t\t\t\t<\/div>\n\t\t\t\t<\/div>\n\t\t\t\t<\/div>\n\t\t","protected":false},"excerpt":{"rendered":"<p>KIITOS VASTAUKSISTASI! Saimme nyt kartoituksesi tulokset ja palaamme sinulle mahdollisimman pian. Sill\u00e4 aikaa voit tutustua muihin terveyteen liittyviin sis\u00e4lt\u00f6ihin. Ravintoterapia Onko sinulla terveyshuolia tai haluaisitko panostaa hyvinvointiisi? Ravintoterapiassa pureudumme ongelman juurisyihin, ja luomme askeleet, miten saada ravinnosta enemm\u00e4n irti hyvinvointisi tueksi. Yksil\u00f6llisesti, kokonaisvaltaisesti, ja luonnollisin keinoin. LUE LIS\u00c4\u00c4 Testit ja mittaukset Mitataan, mit\u00e4 kehosi oikeasti&hellip;&nbsp;<a href=\"https:\/\/ravinnonvoima.fi\/index.php\/2025\/12\/18\/apua-vatsavaivoihin\/\" rel=\"bookmark\"><span class=\"screen-reader-text\">Apua vatsavaivoihin!<\/span><\/a><\/p>\n","protected":false},"author":2,"featured_media":0,"parent":0,"menu_order":0,"comment_status":"closed","ping_status":"closed","template":"page-templates\/template-pagebuilder-full-width.php","meta":{"neve_meta_sidebar":"","neve_meta_container":"","neve_meta_enable_content_width":"","neve_meta_content_width":0,"neve_meta_title_alignment":"","neve_meta_author_avatar":"","neve_post_elements_order":"","neve_meta_disable_header":"","neve_meta_disable_footer":"","neve_meta_disable_title":"","footnotes":""},"class_list":["post-902","page","type-page","status-publish","hentry"],"yoast_head":"<!-- This site is optimized with the Yoast SEO plugin v27.5 - https:\/\/yoast.com\/product\/yoast-seo-wordpress\/ -->\n<title>Kiitos vastauksistasi! - Ravinnon voima<\/title>\n<meta name=\"robots\" content=\"index, follow, max-snippet:-1, max-image-preview:large, max-video-preview:-1\" \/>\n<link rel=\"canonical\" href=\"https:\/\/ravinnonvoima.fi\/index.php\/kiitos-vastauksistasi\/\" \/>\n<meta property=\"og:locale\" content=\"fi_FI\" \/>\n<meta property=\"og:type\" content=\"article\" \/>\n<meta property=\"og:title\" content=\"Kiitos vastauksistasi! - Ravinnon voima\" \/>\n<meta property=\"og:description\" content=\"KIITOS VASTAUKSISTASI! Saimme nyt kartoituksesi tulokset ja palaamme sinulle mahdollisimman pian. Sill\u00e4 aikaa voit tutustua muihin terveyteen liittyviin sis\u00e4lt\u00f6ihin. Ravintoterapia Onko sinulla terveyshuolia tai haluaisitko panostaa hyvinvointiisi? Ravintoterapiassa pureudumme ongelman juurisyihin, ja luomme askeleet, miten saada ravinnosta enemm\u00e4n irti hyvinvointisi tueksi. Yksil\u00f6llisesti, kokonaisvaltaisesti, ja luonnollisin keinoin. LUE LIS\u00c4\u00c4 Testit ja mittaukset Mitataan, mit\u00e4 kehosi oikeasti&hellip;&nbsp;Apua vatsavaivoihin!\" \/>\n<meta property=\"og:url\" content=\"https:\/\/ravinnonvoima.fi\/index.php\/kiitos-vastauksistasi\/\" \/>\n<meta property=\"og:site_name\" content=\"Ravinnon voima\" \/>\n<meta property=\"article:modified_time\" content=\"2026-01-22T08:35:05+00:00\" \/>\n<meta name=\"twitter:card\" content=\"summary_large_image\" \/>\n<meta name=\"twitter:label1\" content=\"Arvioitu lukuaika\" \/>\n\t<meta name=\"twitter:data1\" content=\"1 minuutti\" \/>\n<script type=\"application\/ld+json\" class=\"yoast-schema-graph\">{\"@context\":\"https:\\\/\\\/schema.org\",\"@graph\":[{\"@type\":\"WebPage\",\"@id\":\"https:\\\/\\\/ravinnonvoima.fi\\\/index.php\\\/kiitos-vastauksistasi\\\/\",\"url\":\"https:\\\/\\\/ravinnonvoima.fi\\\/index.php\\\/kiitos-vastauksistasi\\\/\",\"name\":\"Kiitos vastauksistasi! - Ravinnon voima\",\"isPartOf\":{\"@id\":\"https:\\\/\\\/ravinnonvoima.fi\\\/#website\"},\"datePublished\":\"2026-01-22T08:25:14+00:00\",\"dateModified\":\"2026-01-22T08:35:05+00:00\",\"breadcrumb\":{\"@id\":\"https:\\\/\\\/ravinnonvoima.fi\\\/index.php\\\/kiitos-vastauksistasi\\\/#breadcrumb\"},\"inLanguage\":\"fi\",\"potentialAction\":[{\"@type\":\"ReadAction\",\"target\":[\"https:\\\/\\\/ravinnonvoima.fi\\\/index.php\\\/kiitos-vastauksistasi\\\/\"]}]},{\"@type\":\"BreadcrumbList\",\"@id\":\"https:\\\/\\\/ravinnonvoima.fi\\\/index.php\\\/kiitos-vastauksistasi\\\/#breadcrumb\",\"itemListElement\":[{\"@type\":\"ListItem\",\"position\":1,\"name\":\"Etusivu\",\"item\":\"https:\\\/\\\/ravinnonvoima.fi\\\/\"},{\"@type\":\"ListItem\",\"position\":2,\"name\":\"Kiitos vastauksistasi!\"}]},{\"@type\":\"WebSite\",\"@id\":\"https:\\\/\\\/ravinnonvoima.fi\\\/#website\",\"url\":\"https:\\\/\\\/ravinnonvoima.fi\\\/\",\"name\":\"Ravinnon voima\",\"description\":\"\",\"potentialAction\":[{\"@type\":\"SearchAction\",\"target\":{\"@type\":\"EntryPoint\",\"urlTemplate\":\"https:\\\/\\\/ravinnonvoima.fi\\\/?s={search_term_string}\"},\"query-input\":{\"@type\":\"PropertyValueSpecification\",\"valueRequired\":true,\"valueName\":\"search_term_string\"}}],\"inLanguage\":\"fi\"}]}<\/script>\n<!-- \/ Yoast SEO plugin. -->","yoast_head_json":{"title":"Kiitos vastauksistasi! - Ravinnon voima","robots":{"index":"index","follow":"follow","max-snippet":"max-snippet:-1","max-image-preview":"max-image-preview:large","max-video-preview":"max-video-preview:-1"},"canonical":"https:\/\/ravinnonvoima.fi\/index.php\/kiitos-vastauksistasi\/","og_locale":"fi_FI","og_type":"article","og_title":"Kiitos vastauksistasi! - Ravinnon voima","og_description":"KIITOS VASTAUKSISTASI! Saimme nyt kartoituksesi tulokset ja palaamme sinulle mahdollisimman pian. Sill\u00e4 aikaa voit tutustua muihin terveyteen liittyviin sis\u00e4lt\u00f6ihin. Ravintoterapia Onko sinulla terveyshuolia tai haluaisitko panostaa hyvinvointiisi? Ravintoterapiassa pureudumme ongelman juurisyihin, ja luomme askeleet, miten saada ravinnosta enemm\u00e4n irti hyvinvointisi tueksi. Yksil\u00f6llisesti, kokonaisvaltaisesti, ja luonnollisin keinoin. LUE LIS\u00c4\u00c4 Testit ja mittaukset Mitataan, mit\u00e4 kehosi oikeasti&hellip;&nbsp;Apua vatsavaivoihin!","og_url":"https:\/\/ravinnonvoima.fi\/index.php\/kiitos-vastauksistasi\/","og_site_name":"Ravinnon voima","article_modified_time":"2026-01-22T08:35:05+00:00","twitter_card":"summary_large_image","twitter_misc":{"Arvioitu lukuaika":"1 minuutti"},"schema":{"@context":"https:\/\/schema.org","@graph":[{"@type":"WebPage","@id":"https:\/\/ravinnonvoima.fi\/index.php\/kiitos-vastauksistasi\/","url":"https:\/\/ravinnonvoima.fi\/index.php\/kiitos-vastauksistasi\/","name":"Kiitos vastauksistasi! - Ravinnon voima","isPartOf":{"@id":"https:\/\/ravinnonvoima.fi\/#website"},"datePublished":"2026-01-22T08:25:14+00:00","dateModified":"2026-01-22T08:35:05+00:00","breadcrumb":{"@id":"https:\/\/ravinnonvoima.fi\/index.php\/kiitos-vastauksistasi\/#breadcrumb"},"inLanguage":"fi","potentialAction":[{"@type":"ReadAction","target":["https:\/\/ravinnonvoima.fi\/index.php\/kiitos-vastauksistasi\/"]}]},{"@type":"BreadcrumbList","@id":"https:\/\/ravinnonvoima.fi\/index.php\/kiitos-vastauksistasi\/#breadcrumb","itemListElement":[{"@type":"ListItem","position":1,"name":"Etusivu","item":"https:\/\/ravinnonvoima.fi\/"},{"@type":"ListItem","position":2,"name":"Kiitos vastauksistasi!"}]},{"@type":"WebSite","@id":"https:\/\/ravinnonvoima.fi\/#website","url":"https:\/\/ravinnonvoima.fi\/","name":"Ravinnon voima","description":"","potentialAction":[{"@type":"SearchAction","target":{"@type":"EntryPoint","urlTemplate":"https:\/\/ravinnonvoima.fi\/?s={search_term_string}"},"query-input":{"@type":"PropertyValueSpecification","valueRequired":true,"valueName":"search_term_string"}}],"inLanguage":"fi"}]}},"_links":{"self":[{"href":"https:\/\/ravinnonvoima.fi\/index.php\/wp-json\/wp\/v2\/pages\/902","targetHints":{"allow":["GET"]}}],"collection":[{"href":"https:\/\/ravinnonvoima.fi\/index.php\/wp-json\/wp\/v2\/pages"}],"about":[{"href":"https:\/\/ravinnonvoima.fi\/index.php\/wp-json\/wp\/v2\/types\/page"}],"author":[{"embeddable":true,"href":"https:\/\/ravinnonvoima.fi\/index.php\/wp-json\/wp\/v2\/users\/2"}],"replies":[{"embeddable":true,"href":"https:\/\/ravinnonvoima.fi\/index.php\/wp-json\/wp\/v2\/comments?post=902"}],"version-history":[{"count":10,"href":"https:\/\/ravinnonvoima.fi\/index.php\/wp-json\/wp\/v2\/pages\/902\/revisions"}],"predecessor-version":[{"id":912,"href":"https:\/\/ravinnonvoima.fi\/index.php\/wp-json\/wp\/v2\/pages\/902\/revisions\/912"}],"wp:attachment":[{"href":"https:\/\/ravinnonvoima.fi\/index.php\/wp-json\/wp\/v2\/media?parent=902"}],"curies":[{"name":"wp","href":"https:\/\/api.w.org\/{rel}","templated":true}]}}