{"id":297,"date":"2025-12-19T11:48:21","date_gmt":"2025-12-19T11:48:21","guid":{"rendered":"https:\/\/staging.ravinnonvoima.fi\/?page_id=297"},"modified":"2025-12-19T11:48:22","modified_gmt":"2025-12-19T11:48:22","slug":"tietosuoja","status":"publish","type":"page","link":"https:\/\/ravinnonvoima.fi\/index.php\/tietosuoja\/","title":{"rendered":"Tietosuoja"},"content":{"rendered":"\n<h2 class=\"wp-block-heading\">Nutrimia Oy:n tietosuojaseloste<\/h2>\n\n\n\n<p><br>Henkil\u00f6tietolain (523\/99) 10 \u00a7 mukainen tietosuojaseloste 31.10.2019<br>Sinulla on oikeus henkil\u00f6tietojen suojaan. K\u00e4sittelemme henkil\u00f6tietoja ainoastaan<br>lainmukaisten k\u00e4sittelyperusteiden nojalla ja l\u00e4pin\u00e4kyv\u00e4ll\u00e4 tavalla. Noudatamme Euroopan<br>unionin yleisen tietosuoja -asetuksen (GDPR) s\u00e4\u00e4nn\u00f6ksi\u00e4 ja periaatteita.<\/p>\n\n\n\n<ol class=\"wp-block-list\">\n<li>Rekisterinpit\u00e4j\u00e4<br>Nutrimia Oy (Y-tunnus 2806271-3)<br>Leps\u00e4m\u00e4ntie 1<br>01800 Klaukkala<\/li>\n\n\n\n<li>Yhteystiedot rekisteri\u00e4 koskevissa asioissa<br>Nutrimia Oy<br>Miia Inkeroinen<br>Leps\u00e4m\u00e4ntie 1<br>01800 Klaukkala<br>+358 40 555 1515<br>miia.inkeroinen@nutrimia.fi<\/li>\n\n\n\n<li>Rekisterin nimi<br>Nutrimia Oy:n asiakas -ja markkinointirekisteri<\/li>\n\n\n\n<li>Rekisterin pit\u00e4misen peruste ja k\u00e4ytt\u00f6tarkoitus<br>Henkil\u00f6tietoja k\u00e4sitell\u00e4\u00e4n tilausten, laskutuksen, perinn\u00e4n, yhteydenottojen, asioinnin,<br>asiakaskyselyiden, palveluiden kehitt\u00e4misen, raportoinnin, markkinoinnin ja muiden<br>asiakkuuden hoitamiseen liittyvien toimenpiteiden yhteydess\u00e4.<br>Henkil\u00f6tietoja k\u00e4sitell\u00e4\u00e4n vain ennalta m\u00e4\u00e4riteltyihin tarkoituksiin, jotka ovat seuraavat:<\/li>\n<\/ol>\n\n\n\n<ul class=\"wp-block-list\">\n<li>Asiakassuhteen hoitaminen<\/li>\n\n\n\n<li>Palveluistamme kertominen ja markkinointiviestint\u00e4<\/li>\n\n\n\n<li>Viranomaisvelvoitteiden t\u00e4ytt\u00e4minen<\/li>\n<\/ul>\n\n\n\n<ol class=\"wp-block-list\">\n<li>Rekisteriin tallennettavat henkil\u00f6tiedot<br>Asiakasrekisteri sis\u00e4lt\u00e4\u00e4 seuraavat tiedot:<br>Henkil\u00f6tiedot:<\/li>\n<\/ol>\n\n\n\n<ul class=\"wp-block-list\">\n<li>nimi<\/li>\n\n\n\n<li>s\u00e4hk\u00f6posti<\/li>\n\n\n\n<li>puhelinnumero<br>Asiakastiedot<\/li>\n\n\n\n<li>tiedot ostetuista palveluista tai tuotteista<\/li>\n<\/ul>\n\n\n\n<ol class=\"wp-block-list\">\n<li>K\u00e4yt\u00e4mme sivuillamme ev\u00e4steit\u00e4<br>Ev\u00e4steiden k\u00e4yt\u00f6n ensisijaisena tarkoituksena on parantaa ja mukauttaa vierailijan<br>k\u00e4ytt\u00f6kokemusta sivustolla sek\u00e4 analysoida ja parantaa sivuston toimivuutta ja sis\u00e4lt\u00f6\u00e4.<br>Ev\u00e4steiden avulla ker\u00e4ttyj\u00e4 tietoja voidaan my\u00f6s hy\u00f6dynt\u00e4\u00e4 viestinn\u00e4n ja markkinoinnin<br>kohdentamisessa sek\u00e4 markkinointitoimenpiteiden optimoinnissa.<br>Ev\u00e4steiden avulla saatua tietoa voidaan liitt\u00e4\u00e4 k\u00e4ytt\u00e4j\u00e4lt\u00e4 mahdollisesti muussa<br>yhteydess\u00e4 saatuihin tietoihin, esimerkiksi k\u00e4ytt\u00e4j\u00e4n t\u00e4ytt\u00e4ess\u00e4 lomakkeen sivustollamme.<\/li>\n\n\n\n<li>Rekister\u00f6idyn oikeudet<br>Rekister\u00f6idyll\u00e4 on seuraavat oikeudet, joiden k\u00e4ytt\u00e4mist\u00e4 koskevat pyynn\u00f6t tulee tehd\u00e4<br>kirjallisesti yhteystiedot kohdassa n\u00e4kyv\u00e4\u00e4n osoitteeseen:<br>Rekister\u00f6ity voi tarkistaa tallentamamme henkil\u00f6tiedot. Rekister\u00f6ity voi pyyt\u00e4\u00e4<br>oikaisemaan h\u00e4nt\u00e4 koskevat virheelliset tai puutteelliset tiedot. Rekister\u00f6ity voi vastustaa<br>henkil\u00f6tietojen k\u00e4sittely\u00e4, mik\u00e4li kokee, ett\u00e4 henkil\u00f6tietoja on k\u00e4sitelty lainvastaisesti.<br>Rekister\u00f6idyll\u00e4 henkil\u00f6ll\u00e4 on oikeus kielt\u00e4\u00e4 tietojen k\u00e4ytt\u00e4minen suoramarkkinointiin.<br>Rekister\u00f6idyll\u00e4 on oikeus pyyt\u00e4\u00e4 tietojen poistamista, jos tietojen k\u00e4sittely ei ole tarpeen.<br>K\u00e4sittelemme poistopyynn\u00f6n, jonka j\u00e4lkeen joko poistamme tiedot tai ilmoitamme<br>perustellun syyn, miksi tietoja ei voida poistaa. On huomioitava, ett\u00e4 rekisterinpit\u00e4j\u00e4ll\u00e4 voi<br>olla lakis\u00e4\u00e4teinen tai muu oikeus olla poistamatta pyydetty\u00e4 tietoa. Rekisterinpit\u00e4j\u00e4ll\u00e4 on<br>velvollisuus s\u00e4ilytt\u00e4\u00e4 kirjanpitoaineisto Kirjanpitolaissa (luku 2, 10 \u00a7) m\u00e4\u00e4ritellyn ajan (10<br>vuotta) mukaisesti. T\u00e4m\u00e4n vuoksi kirjanpitoon liittyv\u00e4\u00e4 aineistoa ei voida poistaa ennen<br>m\u00e4\u00e4r\u00e4ajan umpeutumista.<br>Suostumuksen peruuttaminen:<br>Jos rekister\u00f6ity\u00e4 koskeva henkil\u00f6tietojen k\u00e4sittely perustuu ainoastaan suostumukseen,<br>eik\u00e4 esim. asiakkuuteen, voi rekister\u00f6ity peruuttaa suostumuksen.<\/li>\n\n\n\n<li>S\u00e4\u00e4nn\u00f6nmukaiset tietol\u00e4hteet<\/li>\n<\/ol>\n\n\n\n<ul class=\"wp-block-list\">\n<li>Rekister\u00f6ityjen itse verkkosivuston, s\u00e4hk\u00f6postin tai muuta kautta ilmoittamat tiedot<\/li>\n\n\n\n<li>Verkkosivuston yhteydenottolomake<\/li>\n\n\n\n<li>Yrityksen oma asiakasrekisteri<\/li>\n<\/ul>\n\n\n\n<ol class=\"wp-block-list\">\n<li>S\u00e4\u00e4nn\u00f6nmukaiset tietojen luovutukset<br>Rekisterin tiedot ovat ainoastaan Nutrimia Oy:n. Nutrimia Oy voi kuitenkin esimerkiksi<br>omassa s\u00e4hk\u00f6postimarkkinoinnissaan ulkoistaa rekisteritietojen k\u00e4sittelyn yrityksen<br>ulkopuolisille yrityksille, jotka voivat sijaita my\u00f6s Euroopan Unionin talousalueen<br>ulkopuolella olevissa maissa, kuten Yhdysvalloissa. N\u00e4m\u00e4 yritykset voivat k\u00e4sitell\u00e4<br>henkil\u00f6tietoja tarjotakseen infrastruktuuri- ja it -palveluita tai muita palveluita. Olemme<br>varmistaneet, ett\u00e4 kaikki palveluntarjoajamme noudattavat tietosuojalains\u00e4\u00e4d\u00e4nt\u00f6\u00e4.<\/li>\n\n\n\n<li>Henkil\u00f6tietojen s\u00e4ilytysaika<br>S\u00e4ilyt\u00e4mme henkil\u00f6tietoja vain niin kauan kuin on tarpeen yll\u00e4 m\u00e4\u00e4riteltyjen tarkoitusten<br>toteuttamiseksi kulloinkin voimassa olevan lains\u00e4\u00e4d\u00e4nn\u00f6n mukaisesti.<\/li>\n\n\n\n<li>Henkil\u00f6tietojen k\u00e4sittelij\u00e4t<br>Rekisterinpit\u00e4j\u00e4 ja t\u00e4m\u00e4n ty\u00f6ntekij\u00e4t k\u00e4sittelev\u00e4t henkil\u00f6tietoja noudattaen<br>vaitiolovelvollisuutta. Voimme my\u00f6s ulkoistaa henkil\u00f6tietojen k\u00e4sittelyn osittain kolmannelle<br>osapuolelle, jolloin takaamme sopimusj\u00e4rjestelyin, ett\u00e4 henkil\u00f6tietoja k\u00e4sitell\u00e4\u00e4n voimassa<br>olevan tietosuojalains\u00e4\u00e4d\u00e4nn\u00f6n mukaisesti ja muutoin asianmukaisesti.<\/li>\n\n\n\n<li>Tietojen siirto EU:n tai ETA:n ulkopuolelle<br>Tietoja ei siirret\u00e4 \/ luovuteta EU:n tai Euroopan talousalueen ulkopuolelle tai mik\u00e4li<br>toiminta, markkinointi tai muut syyt vaativat tietojen luovutusta, kerrotaan siit\u00e4 asiakkaalle.<\/li>\n\n\n\n<li>Rekisterisuojauksen periaatteet<br>Rekisterin k\u00e4sittelyss\u00e4 noudatetaan huolellisuutta ja tietoj\u00e4rjestelmien avulla k\u00e4sitelt\u00e4v\u00e4t<br>tiedot suojataan asianmukaisesti. Mahdollisia manuaalisia aineistoja ja tietoja s\u00e4ilytet\u00e4\u00e4n<br>lukollisten kaappien sek\u00e4 muiden fyysisten turvatoimien avulla. Kun rekisteritietoja<br>s\u00e4ilytet\u00e4\u00e4n s\u00e4hk\u00f6isesti, laitteiston fyysisest\u00e4 ja digitaalisesta tietoturvasta huolehditaan<br>asiaankuuluvasti mm. salasanoin. Verkkosivuihin liittyv\u00e4 j\u00e4rjestelm\u00e4 on suojattu teknisin<br>ratkaisuin.<br>Vaitiolovelvollisuus sitoo asiakasrekisteritietoja k\u00e4sittelevi\u00e4 ty\u00f6ntekij\u00f6it\u00e4. Tietoja kerrotaan<br>tai luovutetaan ulkopuolisille vain lakiin perustuvan ilmoitusvelvollisuuden johdosta, kuten<br>asiakkaan omasta pyynn\u00f6st\u00e4 tai viranomaisen lakiin perustuvasta pyynn\u00f6st\u00e4.<\/li>\n\n\n\n<li>Tietosuojaselosteen muuttaminen<br>Kehit\u00e4mme liiketoimintaamme jatkuvasti ja siksi pid\u00e4t\u00e4mme oikeuden muuttaa t\u00e4t\u00e4<br>tietosuojaselostetta ilmoittamalla siit\u00e4 palveluissamme. Muutokset voivat perustua my\u00f6s<br>lains\u00e4\u00e4d\u00e4nn\u00f6n muuttumiseen.<\/li>\n<\/ol>\n","protected":false},"excerpt":{"rendered":"<p>Nutrimia Oy:n tietosuojaseloste Henkil\u00f6tietolain (523\/99) 10 \u00a7 mukainen tietosuojaseloste 31.10.2019Sinulla on oikeus henkil\u00f6tietojen suojaan. K\u00e4sittelemme henkil\u00f6tietoja ainoastaanlainmukaisten k\u00e4sittelyperusteiden nojalla ja l\u00e4pin\u00e4kyv\u00e4ll\u00e4 tavalla. Noudatamme Euroopanunionin yleisen tietosuoja -asetuksen (GDPR) s\u00e4\u00e4nn\u00f6ksi\u00e4 ja periaatteita.<\/p>\n","protected":false},"author":1,"featured_media":0,"parent":0,"menu_order":0,"comment_status":"closed","ping_status":"closed","template":"","meta":{"neve_meta_sidebar":"","neve_meta_container":"","neve_meta_enable_content_width":"","neve_meta_content_width":0,"neve_meta_title_alignment":"","neve_meta_author_avatar":"","neve_post_elements_order":"","neve_meta_disable_header":"","neve_meta_disable_footer":"","neve_meta_disable_title":"","footnotes":""},"class_list":["post-297","page","type-page","status-publish","hentry"],"yoast_head":"<!-- This site is optimized with the Yoast SEO plugin v27.4 - https:\/\/yoast.com\/product\/yoast-seo-wordpress\/ -->\n<title>Tietosuoja - Ravinnon voima<\/title>\n<meta name=\"robots\" content=\"index, follow, max-snippet:-1, max-image-preview:large, max-video-preview:-1\" \/>\n<link rel=\"canonical\" href=\"https:\/\/ravinnonvoima.fi\/index.php\/tietosuoja\/\" \/>\n<meta property=\"og:locale\" content=\"fi_FI\" \/>\n<meta property=\"og:type\" content=\"article\" \/>\n<meta property=\"og:title\" content=\"Tietosuoja - Ravinnon voima\" \/>\n<meta property=\"og:description\" content=\"Nutrimia Oy:n tietosuojaseloste Henkil\u00f6tietolain (523\/99) 10 \u00a7 mukainen tietosuojaseloste 31.10.2019Sinulla on oikeus henkil\u00f6tietojen suojaan. K\u00e4sittelemme henkil\u00f6tietoja ainoastaanlainmukaisten k\u00e4sittelyperusteiden nojalla ja l\u00e4pin\u00e4kyv\u00e4ll\u00e4 tavalla. Noudatamme Euroopanunionin yleisen tietosuoja -asetuksen (GDPR) s\u00e4\u00e4nn\u00f6ksi\u00e4 ja periaatteita.\" \/>\n<meta property=\"og:url\" content=\"https:\/\/ravinnonvoima.fi\/index.php\/tietosuoja\/\" \/>\n<meta property=\"og:site_name\" content=\"Ravinnon voima\" \/>\n<meta property=\"article:modified_time\" content=\"2025-12-19T11:48:22+00:00\" \/>\n<meta name=\"twitter:card\" content=\"summary_large_image\" \/>\n<meta name=\"twitter:label1\" content=\"Arvioitu lukuaika\" \/>\n\t<meta name=\"twitter:data1\" content=\"3 minuuttia\" \/>\n<script type=\"application\/ld+json\" class=\"yoast-schema-graph\">{\"@context\":\"https:\\\/\\\/schema.org\",\"@graph\":[{\"@type\":\"WebPage\",\"@id\":\"https:\\\/\\\/ravinnonvoima.fi\\\/index.php\\\/tietosuoja\\\/\",\"url\":\"https:\\\/\\\/ravinnonvoima.fi\\\/index.php\\\/tietosuoja\\\/\",\"name\":\"Tietosuoja - Ravinnon voima\",\"isPartOf\":{\"@id\":\"https:\\\/\\\/ravinnonvoima.fi\\\/#website\"},\"datePublished\":\"2025-12-19T11:48:21+00:00\",\"dateModified\":\"2025-12-19T11:48:22+00:00\",\"breadcrumb\":{\"@id\":\"https:\\\/\\\/ravinnonvoima.fi\\\/index.php\\\/tietosuoja\\\/#breadcrumb\"},\"inLanguage\":\"fi\",\"potentialAction\":[{\"@type\":\"ReadAction\",\"target\":[\"https:\\\/\\\/ravinnonvoima.fi\\\/index.php\\\/tietosuoja\\\/\"]}]},{\"@type\":\"BreadcrumbList\",\"@id\":\"https:\\\/\\\/ravinnonvoima.fi\\\/index.php\\\/tietosuoja\\\/#breadcrumb\",\"itemListElement\":[{\"@type\":\"ListItem\",\"position\":1,\"name\":\"Etusivu\",\"item\":\"https:\\\/\\\/ravinnonvoima.fi\\\/\"},{\"@type\":\"ListItem\",\"position\":2,\"name\":\"Tietosuoja\"}]},{\"@type\":\"WebSite\",\"@id\":\"https:\\\/\\\/ravinnonvoima.fi\\\/#website\",\"url\":\"https:\\\/\\\/ravinnonvoima.fi\\\/\",\"name\":\"Ravinnon voima\",\"description\":\"\",\"potentialAction\":[{\"@type\":\"SearchAction\",\"target\":{\"@type\":\"EntryPoint\",\"urlTemplate\":\"https:\\\/\\\/ravinnonvoima.fi\\\/?s={search_term_string}\"},\"query-input\":{\"@type\":\"PropertyValueSpecification\",\"valueRequired\":true,\"valueName\":\"search_term_string\"}}],\"inLanguage\":\"fi\"}]}<\/script>\n<!-- \/ Yoast SEO plugin. -->","yoast_head_json":{"title":"Tietosuoja - Ravinnon voima","robots":{"index":"index","follow":"follow","max-snippet":"max-snippet:-1","max-image-preview":"max-image-preview:large","max-video-preview":"max-video-preview:-1"},"canonical":"https:\/\/ravinnonvoima.fi\/index.php\/tietosuoja\/","og_locale":"fi_FI","og_type":"article","og_title":"Tietosuoja - Ravinnon voima","og_description":"Nutrimia Oy:n tietosuojaseloste Henkil\u00f6tietolain (523\/99) 10 \u00a7 mukainen tietosuojaseloste 31.10.2019Sinulla on oikeus henkil\u00f6tietojen suojaan. K\u00e4sittelemme henkil\u00f6tietoja ainoastaanlainmukaisten k\u00e4sittelyperusteiden nojalla ja l\u00e4pin\u00e4kyv\u00e4ll\u00e4 tavalla. Noudatamme Euroopanunionin yleisen tietosuoja -asetuksen (GDPR) s\u00e4\u00e4nn\u00f6ksi\u00e4 ja periaatteita.","og_url":"https:\/\/ravinnonvoima.fi\/index.php\/tietosuoja\/","og_site_name":"Ravinnon voima","article_modified_time":"2025-12-19T11:48:22+00:00","twitter_card":"summary_large_image","twitter_misc":{"Arvioitu lukuaika":"3 minuuttia"},"schema":{"@context":"https:\/\/schema.org","@graph":[{"@type":"WebPage","@id":"https:\/\/ravinnonvoima.fi\/index.php\/tietosuoja\/","url":"https:\/\/ravinnonvoima.fi\/index.php\/tietosuoja\/","name":"Tietosuoja - Ravinnon voima","isPartOf":{"@id":"https:\/\/ravinnonvoima.fi\/#website"},"datePublished":"2025-12-19T11:48:21+00:00","dateModified":"2025-12-19T11:48:22+00:00","breadcrumb":{"@id":"https:\/\/ravinnonvoima.fi\/index.php\/tietosuoja\/#breadcrumb"},"inLanguage":"fi","potentialAction":[{"@type":"ReadAction","target":["https:\/\/ravinnonvoima.fi\/index.php\/tietosuoja\/"]}]},{"@type":"BreadcrumbList","@id":"https:\/\/ravinnonvoima.fi\/index.php\/tietosuoja\/#breadcrumb","itemListElement":[{"@type":"ListItem","position":1,"name":"Etusivu","item":"https:\/\/ravinnonvoima.fi\/"},{"@type":"ListItem","position":2,"name":"Tietosuoja"}]},{"@type":"WebSite","@id":"https:\/\/ravinnonvoima.fi\/#website","url":"https:\/\/ravinnonvoima.fi\/","name":"Ravinnon voima","description":"","potentialAction":[{"@type":"SearchAction","target":{"@type":"EntryPoint","urlTemplate":"https:\/\/ravinnonvoima.fi\/?s={search_term_string}"},"query-input":{"@type":"PropertyValueSpecification","valueRequired":true,"valueName":"search_term_string"}}],"inLanguage":"fi"}]}},"_links":{"self":[{"href":"https:\/\/ravinnonvoima.fi\/index.php\/wp-json\/wp\/v2\/pages\/297","targetHints":{"allow":["GET"]}}],"collection":[{"href":"https:\/\/ravinnonvoima.fi\/index.php\/wp-json\/wp\/v2\/pages"}],"about":[{"href":"https:\/\/ravinnonvoima.fi\/index.php\/wp-json\/wp\/v2\/types\/page"}],"author":[{"embeddable":true,"href":"https:\/\/ravinnonvoima.fi\/index.php\/wp-json\/wp\/v2\/users\/1"}],"replies":[{"embeddable":true,"href":"https:\/\/ravinnonvoima.fi\/index.php\/wp-json\/wp\/v2\/comments?post=297"}],"version-history":[{"count":1,"href":"https:\/\/ravinnonvoima.fi\/index.php\/wp-json\/wp\/v2\/pages\/297\/revisions"}],"predecessor-version":[{"id":298,"href":"https:\/\/ravinnonvoima.fi\/index.php\/wp-json\/wp\/v2\/pages\/297\/revisions\/298"}],"wp:attachment":[{"href":"https:\/\/ravinnonvoima.fi\/index.php\/wp-json\/wp\/v2\/media?parent=297"}],"curies":[{"name":"wp","href":"https:\/\/api.w.org\/{rel}","templated":true}]}}